{"id":1270,"date":"2019-02-12T17:11:28","date_gmt":"2019-02-12T16:11:28","guid":{"rendered":"https:\/\/www.leone-medjugorje.com\/restauracja\/"},"modified":"2023-02-07T12:21:49","modified_gmt":"2023-02-07T11:21:49","slug":"restauracja","status":"publish","type":"page","link":"https:\/\/www.leone-medjugorje.com\/pl\/restauracja\/","title":{"rendered":"Restauracja"},"content":{"rendered":"<p>[et_pb_section fb_built=&#8221;1&#8243; admin_label=&#8221;Header&#8221; _builder_version=&#8221;3.22.3&#8243; use_background_color_gradient=&#8221;on&#8221; background_color_gradient_start=&#8221;rgba(255,255,255,0.89)&#8221; background_color_gradient_end=&#8221;rgba(255,255,255,0.35)&#8221; background_color_gradient_type=&#8221;radial&#8221; background_color_gradient_direction_radial=&#8221;top left&#8221; background_color_gradient_start_position=&#8221;30%&#8221; background_color_gradient_overlays_image=&#8221;on&#8221; background_image=&#8221;https:\/\/www.leone-medjugorje.com\/wp-content\/uploads\/Hotel-Leone-Restoran.jpg&#8221; custom_padding=&#8221;2vw|0px|42px|0px|false|false&#8221;][et_pb_row _builder_version=&#8221;3.25&#8243;][et_pb_column type=&#8221;4_4&#8243; _builder_version=&#8221;3.25&#8243; custom_padding=&#8221;|||&#8221; custom_padding__hover=&#8221;|||&#8221;][et_pb_text _builder_version=&#8221;3.27.4&#8243; text_font=&#8221;||||||||&#8221; header_font=&#8221;|600|||||||&#8221; header_text_color=&#8221;#373435&#8243; header_font_size=&#8221;80px&#8221; header_line_height=&#8221;1.2em&#8221; header_5_font=&#8221;Raleway|700||on|||||&#8221; header_5_text_color=&#8221;#373435&#8243; header_5_font_size=&#8221;20px&#8221; header_5_letter_spacing=&#8221;0.5em&#8221; header_5_line_height=&#8221;1.8em&#8221; animation_style=&#8221;fade&#8221; animation_duration=&#8221;1250ms&#8221; header_font_size_tablet=&#8221;48px&#8221; header_font_size_phone=&#8221;32px&#8221; header_font_size_last_edited=&#8221;on|phone&#8221; header_5_font_size_tablet=&#8221;14px&#8221; header_5_font_size_phone=&#8221;12px&#8221; header_5_font_size_last_edited=&#8221;on|desktop&#8221;]<\/p>\n<h5>Hotel Leone<\/h5>\n<h1>Restauracja<\/h1>\n<p>[\/et_pb_text][\/et_pb_column][\/et_pb_row][\/et_pb_section][et_pb_section fb_built=&#8221;1&#8243; admin_label=&#8221;Contact us&#8221; _builder_version=&#8221;3.22.3&#8243; background_size=&#8221;initial&#8221; background_position=&#8221;top_left&#8221; custom_padding=&#8221;62px|0px|35px|0px|false|false&#8221;][et_pb_row _builder_version=&#8221;3.25&#8243;][et_pb_column type=&#8221;4_4&#8243; _builder_version=&#8221;3.25&#8243; custom_padding=&#8221;|||&#8221; custom_padding__hover=&#8221;|||&#8221;][et_pb_text _builder_version=&#8221;3.27.4&#8243; text_line_height=&#8221;1.9em&#8221; animation_style=&#8221;fade&#8221; animation_duration=&#8221;1250ms&#8221;]<\/p>\n<p class=\"font_8\" style=\"text-align: center;\" data-mce-style=\"text-align: center;\">Mi\u0142a atmosfera we wsp\u00f3\u0142czesnym wn\u0119trzu oraz uprzejmy i sympatyczny personel wraz z wy\u015bmienit\u0105 kuchni\u0105 gwarantuj\u0105 wysok\u0105 jako\u015b\u0107 naszej restauracji. Atutami naszej kuchni s\u0105 produkty sezonowe, kt\u00f3re stosujemy zar\u00f3wno w potrawach narodowych jak i mi\u0119dzynarodowych.<\/p>\n<p class=\"font_8\" style=\"text-align: center;\" data-mce-style=\"text-align: center;\">W menu tygodniowym znajduje si\u0119 r\u00f3\u017cnorodna oferta da\u0144, wzbogacona winami z najwy\u017cszej p\u00f3\u0142ki. Czy odwiedzicie nas z przyjaci\u00f3\u0142mi, partnerami biznesowymi czy we dwoje, w naszej restauracji zawsze bedziecie mie\u0107 Pa\u0144stwo zapewniony pe\u0142en komfort. <\/p>\n<p>[\/et_pb_text][\/et_pb_column][\/et_pb_row][\/et_pb_section][et_pb_section fb_built=&#8221;1&#8243; _builder_version=&#8221;3.22.3&#8243;][et_pb_row _builder_version=&#8221;3.25&#8243;][et_pb_column type=&#8221;4_4&#8243; _builder_version=&#8221;3.25&#8243; custom_padding=&#8221;|||&#8221; custom_padding__hover=&#8221;|||&#8221;][et_pb_gallery gallery_ids=&#8221;1580,1588,1592,1596,1794,1798,1802,1806,1810,1814&#8243; posts_number=&#8221;9&#8243; show_title_and_caption=&#8221;off&#8221; show_pagination=&#8221;off&#8221; zoom_icon_color=&#8221;rgba(0,0,0,0)&#8221; hover_overlay_color=&#8221;rgba(255,255,255,0.3)&#8221; hover_icon=&#8221;%%52%%&#8221; _builder_version=&#8221;4.4.2&#8243; title_font=&#8221;||||||||&#8221; caption_font=&#8221;||||||||&#8221; custom_padding=&#8221;30px||&#8221; border_radii_image=&#8221;on|3px|3px|3px|3px&#8221; box_shadow_style_image=&#8221;preset1&#8243; box_shadow_horizontal_image__hover=&#8221;0px&#8221; box_shadow_blur_image__hover=&#8221;18px&#8221; box_shadow_spread_image__hover=&#8221;4px&#8221; box_shadow_spread_image__hover_enabled=&#8221;on&#8221; locked=&#8221;off&#8221;][\/et_pb_gallery][\/et_pb_column][\/et_pb_row][\/et_pb_section]<\/p>\n","protected":false},"excerpt":{"rendered":"<p>Hotel Leone RestauracjaMi\u0142a atmosfera we wsp\u00f3\u0142czesnym wn\u0119trzu oraz uprzejmy i sympatyczny personel wraz z wy\u015bmienit\u0105 kuchni\u0105 gwarantuj\u0105 wysok\u0105 jako\u015b\u0107 naszej restauracji. Atutami naszej kuchni s\u0105 produkty sezonowe, kt\u00f3re stosujemy zar\u00f3wno w potrawach narodowych jak i mi\u0119dzynarodowych.W menu tygodniowym znajduje si\u0119 r\u00f3\u017cnorodna oferta da\u0144, wzbogacona winami z najwy\u017cszej p\u00f3\u0142ki. Czy odwiedzicie nas z przyjaci\u00f3\u0142mi, partnerami biznesowymi [&hellip;]<\/p>\n","protected":false},"author":1,"featured_media":1649,"parent":0,"menu_order":0,"comment_status":"closed","ping_status":"closed","template":"","meta":{"_et_pb_use_builder":"on","_et_pb_old_content":"","_et_gb_content_width":"","footnotes":""},"class_list":["post-1270","page","type-page","status-publish","has-post-thumbnail","hentry"],"yoast_head":"<!-- This site is optimized with the Yoast SEO plugin v24.7 - https:\/\/yoast.com\/wordpress\/plugins\/seo\/ -->\n<title>Restauracja - Hotel Leone<\/title>\n<meta name=\"robots\" content=\"index, follow, max-snippet:-1, max-image-preview:large, max-video-preview:-1\" \/>\n<link rel=\"canonical\" href=\"https:\/\/www.leone-medjugorje.com\/pl\/restauracja\/\" \/>\n<meta property=\"og:locale\" content=\"pl_PL\" \/>\n<meta property=\"og:type\" content=\"article\" \/>\n<meta property=\"og:title\" content=\"Restauracja - Hotel Leone\" \/>\n<meta property=\"og:description\" content=\"Hotel Leone RestauracjaMi\u0142a atmosfera we wsp\u00f3\u0142czesnym wn\u0119trzu oraz uprzejmy i sympatyczny personel wraz z wy\u015bmienit\u0105 kuchni\u0105 gwarantuj\u0105 wysok\u0105 jako\u015b\u0107 naszej restauracji. Atutami naszej kuchni s\u0105 produkty sezonowe, kt\u00f3re stosujemy zar\u00f3wno w potrawach narodowych jak i mi\u0119dzynarodowych.W menu tygodniowym znajduje si\u0119 r\u00f3\u017cnorodna oferta da\u0144, wzbogacona winami z najwy\u017cszej p\u00f3\u0142ki. Czy odwiedzicie nas z przyjaci\u00f3\u0142mi, partnerami biznesowymi [&hellip;]\" \/>\n<meta property=\"og:url\" content=\"https:\/\/www.leone-medjugorje.com\/pl\/restauracja\/\" \/>\n<meta property=\"og:site_name\" content=\"Hotel Leone\" \/>\n<meta property=\"article:modified_time\" content=\"2023-02-07T11:21:49+00:00\" \/>\n<meta property=\"og:image\" content=\"https:\/\/www.leone-medjugorje.com\/wp-content\/uploads\/Hotel-Leone-Medjugorje-24.jpg\" \/>\n\t<meta property=\"og:image:width\" content=\"3148\" \/>\n\t<meta property=\"og:image:height\" content=\"1771\" \/>\n\t<meta property=\"og:image:type\" content=\"image\/jpeg\" \/>\n<meta name=\"twitter:card\" content=\"summary_large_image\" \/>\n<meta name=\"twitter:label1\" content=\"Szacowany czas czytania\" \/>\n\t<meta name=\"twitter:data1\" content=\"2 minuty\" \/>\n<script type=\"application\/ld+json\" class=\"yoast-schema-graph\">{\"@context\":\"https:\/\/schema.org\",\"@graph\":[{\"@type\":\"WebPage\",\"@id\":\"https:\/\/www.leone-medjugorje.com\/pl\/restauracja\/\",\"url\":\"https:\/\/www.leone-medjugorje.com\/pl\/restauracja\/\",\"name\":\"Restauracja - Hotel Leone\",\"isPartOf\":{\"@id\":\"https:\/\/www.leone-medjugorje.com\/#website\"},\"primaryImageOfPage\":{\"@id\":\"https:\/\/www.leone-medjugorje.com\/pl\/restauracja\/#primaryimage\"},\"image\":{\"@id\":\"https:\/\/www.leone-medjugorje.com\/pl\/restauracja\/#primaryimage\"},\"thumbnailUrl\":\"https:\/\/www.leone-medjugorje.com\/wp-content\/uploads\/Hotel-Leone-Medjugorje-24.jpg\",\"datePublished\":\"2019-02-12T16:11:28+00:00\",\"dateModified\":\"2023-02-07T11:21:49+00:00\",\"breadcrumb\":{\"@id\":\"https:\/\/www.leone-medjugorje.com\/pl\/restauracja\/#breadcrumb\"},\"inLanguage\":\"pl-PL\",\"potentialAction\":[{\"@type\":\"ReadAction\",\"target\":[\"https:\/\/www.leone-medjugorje.com\/pl\/restauracja\/\"]}]},{\"@type\":\"ImageObject\",\"inLanguage\":\"pl-PL\",\"@id\":\"https:\/\/www.leone-medjugorje.com\/pl\/restauracja\/#primaryimage\",\"url\":\"https:\/\/www.leone-medjugorje.com\/wp-content\/uploads\/Hotel-Leone-Medjugorje-24.jpg\",\"contentUrl\":\"https:\/\/www.leone-medjugorje.com\/wp-content\/uploads\/Hotel-Leone-Medjugorje-24.jpg\",\"width\":3148,\"height\":1771},{\"@type\":\"BreadcrumbList\",\"@id\":\"https:\/\/www.leone-medjugorje.com\/pl\/restauracja\/#breadcrumb\",\"itemListElement\":[{\"@type\":\"ListItem\",\"position\":1,\"name\":\"Po\u010detna stranica\",\"item\":\"https:\/\/www.leone-medjugorje.com\/pl\/strona-glowna\/\"},{\"@type\":\"ListItem\",\"position\":2,\"name\":\"Restauracja\"}]},{\"@type\":\"WebSite\",\"@id\":\"https:\/\/www.leone-medjugorje.com\/#website\",\"url\":\"https:\/\/www.leone-medjugorje.com\/\",\"name\":\"Hotel Leone\",\"description\":\"Va\u0161 hotel s 4* u srcu Me\u0111ugorja\",\"potentialAction\":[{\"@type\":\"SearchAction\",\"target\":{\"@type\":\"EntryPoint\",\"urlTemplate\":\"https:\/\/www.leone-medjugorje.com\/?s={search_term_string}\"},\"query-input\":{\"@type\":\"PropertyValueSpecification\",\"valueRequired\":true,\"valueName\":\"search_term_string\"}}],\"inLanguage\":\"pl-PL\"}]}<\/script>\n<!-- \/ Yoast SEO plugin. -->","yoast_head_json":{"title":"Restauracja - Hotel Leone","robots":{"index":"index","follow":"follow","max-snippet":"max-snippet:-1","max-image-preview":"max-image-preview:large","max-video-preview":"max-video-preview:-1"},"canonical":"https:\/\/www.leone-medjugorje.com\/pl\/restauracja\/","og_locale":"pl_PL","og_type":"article","og_title":"Restauracja - Hotel Leone","og_description":"Hotel Leone RestauracjaMi\u0142a atmosfera we wsp\u00f3\u0142czesnym wn\u0119trzu oraz uprzejmy i sympatyczny personel wraz z wy\u015bmienit\u0105 kuchni\u0105 gwarantuj\u0105 wysok\u0105 jako\u015b\u0107 naszej restauracji. Atutami naszej kuchni s\u0105 produkty sezonowe, kt\u00f3re stosujemy zar\u00f3wno w potrawach narodowych jak i mi\u0119dzynarodowych.W menu tygodniowym znajduje si\u0119 r\u00f3\u017cnorodna oferta da\u0144, wzbogacona winami z najwy\u017cszej p\u00f3\u0142ki. Czy odwiedzicie nas z przyjaci\u00f3\u0142mi, partnerami biznesowymi [&hellip;]","og_url":"https:\/\/www.leone-medjugorje.com\/pl\/restauracja\/","og_site_name":"Hotel Leone","article_modified_time":"2023-02-07T11:21:49+00:00","og_image":[{"width":3148,"height":1771,"url":"https:\/\/www.leone-medjugorje.com\/wp-content\/uploads\/Hotel-Leone-Medjugorje-24.jpg","type":"image\/jpeg"}],"twitter_card":"summary_large_image","twitter_misc":{"Szacowany czas czytania":"2 minuty"},"schema":{"@context":"https:\/\/schema.org","@graph":[{"@type":"WebPage","@id":"https:\/\/www.leone-medjugorje.com\/pl\/restauracja\/","url":"https:\/\/www.leone-medjugorje.com\/pl\/restauracja\/","name":"Restauracja - Hotel Leone","isPartOf":{"@id":"https:\/\/www.leone-medjugorje.com\/#website"},"primaryImageOfPage":{"@id":"https:\/\/www.leone-medjugorje.com\/pl\/restauracja\/#primaryimage"},"image":{"@id":"https:\/\/www.leone-medjugorje.com\/pl\/restauracja\/#primaryimage"},"thumbnailUrl":"https:\/\/www.leone-medjugorje.com\/wp-content\/uploads\/Hotel-Leone-Medjugorje-24.jpg","datePublished":"2019-02-12T16:11:28+00:00","dateModified":"2023-02-07T11:21:49+00:00","breadcrumb":{"@id":"https:\/\/www.leone-medjugorje.com\/pl\/restauracja\/#breadcrumb"},"inLanguage":"pl-PL","potentialAction":[{"@type":"ReadAction","target":["https:\/\/www.leone-medjugorje.com\/pl\/restauracja\/"]}]},{"@type":"ImageObject","inLanguage":"pl-PL","@id":"https:\/\/www.leone-medjugorje.com\/pl\/restauracja\/#primaryimage","url":"https:\/\/www.leone-medjugorje.com\/wp-content\/uploads\/Hotel-Leone-Medjugorje-24.jpg","contentUrl":"https:\/\/www.leone-medjugorje.com\/wp-content\/uploads\/Hotel-Leone-Medjugorje-24.jpg","width":3148,"height":1771},{"@type":"BreadcrumbList","@id":"https:\/\/www.leone-medjugorje.com\/pl\/restauracja\/#breadcrumb","itemListElement":[{"@type":"ListItem","position":1,"name":"Po\u010detna stranica","item":"https:\/\/www.leone-medjugorje.com\/pl\/strona-glowna\/"},{"@type":"ListItem","position":2,"name":"Restauracja"}]},{"@type":"WebSite","@id":"https:\/\/www.leone-medjugorje.com\/#website","url":"https:\/\/www.leone-medjugorje.com\/","name":"Hotel Leone","description":"Va\u0161 hotel s 4* u srcu Me\u0111ugorja","potentialAction":[{"@type":"SearchAction","target":{"@type":"EntryPoint","urlTemplate":"https:\/\/www.leone-medjugorje.com\/?s={search_term_string}"},"query-input":{"@type":"PropertyValueSpecification","valueRequired":true,"valueName":"search_term_string"}}],"inLanguage":"pl-PL"}]}},"_links":{"self":[{"href":"https:\/\/www.leone-medjugorje.com\/pl\/wp-json\/wp\/v2\/pages\/1270","targetHints":{"allow":["GET"]}}],"collection":[{"href":"https:\/\/www.leone-medjugorje.com\/pl\/wp-json\/wp\/v2\/pages"}],"about":[{"href":"https:\/\/www.leone-medjugorje.com\/pl\/wp-json\/wp\/v2\/types\/page"}],"author":[{"embeddable":true,"href":"https:\/\/www.leone-medjugorje.com\/pl\/wp-json\/wp\/v2\/users\/1"}],"replies":[{"embeddable":true,"href":"https:\/\/www.leone-medjugorje.com\/pl\/wp-json\/wp\/v2\/comments?post=1270"}],"version-history":[{"count":3,"href":"https:\/\/www.leone-medjugorje.com\/pl\/wp-json\/wp\/v2\/pages\/1270\/revisions"}],"predecessor-version":[{"id":1982,"href":"https:\/\/www.leone-medjugorje.com\/pl\/wp-json\/wp\/v2\/pages\/1270\/revisions\/1982"}],"wp:featuredmedia":[{"embeddable":true,"href":"https:\/\/www.leone-medjugorje.com\/pl\/wp-json\/wp\/v2\/media\/1649"}],"wp:attachment":[{"href":"https:\/\/www.leone-medjugorje.com\/pl\/wp-json\/wp\/v2\/media?parent=1270"}],"curies":[{"name":"wp","href":"https:\/\/api.w.org\/{rel}","templated":true}]}}